{"id":11445,"date":"2024-05-29T12:00:02","date_gmt":"2024-05-29T10:00:02","guid":{"rendered":"https:\/\/www.ichngoforum.org\/?page_id=11445"},"modified":"2024-06-03T10:33:10","modified_gmt":"2024-06-03T08:33:10","slug":"declaration-sur-la-sauvegarde-du-patrimoine-culturel-immateriel-pour-laction-climatique-par-le-forum","status":"publish","type":"page","link":"https:\/\/www.ichngoforum.org\/fr\/declaration-sur-la-sauvegarde-du-patrimoine-culturel-immateriel-pour-laction-climatique-par-le-forum\/","title":{"rendered":"D\u00e9claration sur la Sauvegarde du Patrimoine Culturel Immat\u00e9riel pour l&rsquo;Action Climatique par le Forum"},"content":{"rendered":"<p>Ici, il est possible de lire la d\u00e9claration avant de proc\u00e9der au vote via l&rsquo;e-mail envoy\u00e9 \u00e0 ceux qui se sont inscrits.<\/p>\n<p>Le <strong>bulletin de vote<\/strong> sera envoy\u00e9 d&rsquo;ici le <strong>lundi 3 juin<\/strong> et la p\u00e9riode de vote durera <strong>trois jours<\/strong>.<\/p>\n<p>Pour plus d\u2019informations ichngoforum@gmail.com.<\/p>\n<p><a href=\"https:\/\/www.ichngoforum.org\/wp-content\/uploads\/2024\/06\/DECLARATION-SUR-LA-SAUVEGARDE-DU-PCI-ET-LACTION-CLIMATIQUE-clean.v.1428-04-24.pdf\"><strong>D\u00e9claration sur la Sauvegarde du Patrimoine Culturel Immat\u00e9riel pour l&rsquo;Action Climatique par le Forum<\/strong>.<\/a><\/p>\n","protected":false},"excerpt":{"rendered":"<p>Ici, il est possible de lire la d\u00e9claration avant de proc\u00e9der au vote via l&rsquo;e-mail envoy\u00e9 \u00e0 ceux qui se sont inscrits. Le bulletin de vote sera envoy\u00e9 d&rsquo;ici le lundi 3 juin et la p\u00e9riode de vote durera trois jours. Pour plus d\u2019informations ichngoforum@gmail.com. D\u00e9claration sur la Sauvegarde du&#8230;<\/p>\n","protected":false},"author":6,"featured_media":0,"parent":0,"menu_order":0,"comment_status":"closed","ping_status":"closed","template":"","meta":{"footnotes":""},"class_list":["post-11445","page","type-page","status-publish"],"yoast_head":"<!-- This site is optimized with the Yoast SEO plugin v27.4 - https:\/\/yoast.com\/product\/yoast-seo-wordpress\/ -->\n<title>D\u00e9claration sur la Sauvegarde du Patrimoine Culturel Immat\u00e9riel pour l&#039;Action Climatique par le Forum - ICH NGO Forum<\/title>\n<meta name=\"robots\" content=\"index, follow, max-snippet:-1, max-image-preview:large, max-video-preview:-1\" \/>\n<link rel=\"canonical\" href=\"https:\/\/www.ichngoforum.org\/fr\/declaration-sur-la-sauvegarde-du-patrimoine-culturel-immateriel-pour-laction-climatique-par-le-forum\/\" \/>\n<meta property=\"og:locale\" content=\"fr_FR\" \/>\n<meta property=\"og:type\" content=\"article\" \/>\n<meta property=\"og:title\" content=\"D\u00e9claration sur la Sauvegarde du Patrimoine Culturel Immat\u00e9riel pour l&#039;Action Climatique par le Forum - ICH NGO Forum\" \/>\n<meta property=\"og:description\" content=\"Ici, il est possible de lire la d\u00e9claration avant de proc\u00e9der au vote via l&rsquo;e-mail envoy\u00e9 \u00e0 ceux qui se sont inscrits. Le bulletin de vote sera envoy\u00e9 d&rsquo;ici le lundi 3 juin et la p\u00e9riode de vote durera trois jours. Pour plus d\u2019informations ichngoforum@gmail.com. D\u00e9claration sur la Sauvegarde du...\" \/>\n<meta property=\"og:url\" content=\"https:\/\/www.ichngoforum.org\/fr\/declaration-sur-la-sauvegarde-du-patrimoine-culturel-immateriel-pour-laction-climatique-par-le-forum\/\" \/>\n<meta property=\"og:site_name\" content=\"ICH NGO Forum\" \/>\n<meta property=\"article:publisher\" content=\"https:\/\/www.facebook.com\/IchNgoForum\/\" \/>\n<meta property=\"article:modified_time\" content=\"2024-06-03T08:33:10+00:00\" \/>\n<meta property=\"og:image\" content=\"https:\/\/www.ichngoforum.org\/wp-content\/uploads\/2025\/09\/logo-ichngo-forum-intangible-cultural-heritage-civil-society.jpg\" \/>\n\t<meta property=\"og:image:width\" content=\"1200\" \/>\n\t<meta property=\"og:image:height\" content=\"675\" \/>\n\t<meta property=\"og:image:type\" content=\"image\/jpeg\" \/>\n<meta name=\"twitter:card\" content=\"summary_large_image\" \/>\n<meta name=\"twitter:site\" content=\"@IchNGO\" \/>\n<meta name=\"twitter:label1\" content=\"Dur\u00e9e de lecture estim\u00e9e\" \/>\n\t<meta name=\"twitter:data1\" content=\"1 minute\" \/>\n<script type=\"application\/ld+json\" class=\"yoast-schema-graph\">{\"@context\":\"https:\\\/\\\/schema.org\",\"@graph\":[{\"@type\":\"WebPage\",\"@id\":\"https:\\\/\\\/www.ichngoforum.org\\\/fr\\\/declaration-sur-la-sauvegarde-du-patrimoine-culturel-immateriel-pour-laction-climatique-par-le-forum\\\/\",\"url\":\"https:\\\/\\\/www.ichngoforum.org\\\/fr\\\/declaration-sur-la-sauvegarde-du-patrimoine-culturel-immateriel-pour-laction-climatique-par-le-forum\\\/\",\"name\":\"D\u00e9claration sur la Sauvegarde du Patrimoine Culturel Immat\u00e9riel pour l'Action Climatique par le Forum - ICH NGO Forum\",\"isPartOf\":{\"@id\":\"https:\\\/\\\/www.ichngoforum.org\\\/#website\"},\"datePublished\":\"2024-05-29T10:00:02+00:00\",\"dateModified\":\"2024-06-03T08:33:10+00:00\",\"breadcrumb\":{\"@id\":\"https:\\\/\\\/www.ichngoforum.org\\\/fr\\\/declaration-sur-la-sauvegarde-du-patrimoine-culturel-immateriel-pour-laction-climatique-par-le-forum\\\/#breadcrumb\"},\"inLanguage\":\"fr-FR\",\"potentialAction\":[{\"@type\":\"ReadAction\",\"target\":[\"https:\\\/\\\/www.ichngoforum.org\\\/fr\\\/declaration-sur-la-sauvegarde-du-patrimoine-culturel-immateriel-pour-laction-climatique-par-le-forum\\\/\"]}]},{\"@type\":\"BreadcrumbList\",\"@id\":\"https:\\\/\\\/www.ichngoforum.org\\\/fr\\\/declaration-sur-la-sauvegarde-du-patrimoine-culturel-immateriel-pour-laction-climatique-par-le-forum\\\/#breadcrumb\",\"itemListElement\":[{\"@type\":\"ListItem\",\"position\":1,\"name\":\"Home\",\"item\":\"https:\\\/\\\/www.ichngoforum.org\\\/\"},{\"@type\":\"ListItem\",\"position\":2,\"name\":\"D\u00e9claration sur la Sauvegarde du Patrimoine Culturel Immat\u00e9riel pour l&#8217;Action Climatique par le Forum\"}]},{\"@type\":\"WebSite\",\"@id\":\"https:\\\/\\\/www.ichngoforum.org\\\/#website\",\"url\":\"https:\\\/\\\/www.ichngoforum.org\\\/\",\"name\":\"ICH NGO Forum\",\"description\":\"Intangible Cultural Heritage\",\"publisher\":{\"@id\":\"https:\\\/\\\/www.ichngoforum.org\\\/#organization\"},\"potentialAction\":[{\"@type\":\"SearchAction\",\"target\":{\"@type\":\"EntryPoint\",\"urlTemplate\":\"https:\\\/\\\/www.ichngoforum.org\\\/?s={search_term_string}\"},\"query-input\":{\"@type\":\"PropertyValueSpecification\",\"valueRequired\":true,\"valueName\":\"search_term_string\"}}],\"inLanguage\":\"fr-FR\"},{\"@type\":\"Organization\",\"@id\":\"https:\\\/\\\/www.ichngoforum.org\\\/#organization\",\"name\":\"ICH NGO Forum\",\"url\":\"https:\\\/\\\/www.ichngoforum.org\\\/\",\"logo\":{\"@type\":\"ImageObject\",\"inLanguage\":\"fr-FR\",\"@id\":\"https:\\\/\\\/www.ichngoforum.org\\\/#\\\/schema\\\/logo\\\/image\\\/\",\"url\":\"https:\\\/\\\/www.ichngoforum.org\\\/wp-content\\\/uploads\\\/2025\\\/09\\\/organization-logo-ichngo-forum-intangible-cultural-heritage.jpg\",\"contentUrl\":\"https:\\\/\\\/www.ichngoforum.org\\\/wp-content\\\/uploads\\\/2025\\\/09\\\/organization-logo-ichngo-forum-intangible-cultural-heritage.jpg\",\"width\":1200,\"height\":1200,\"caption\":\"ICH NGO Forum\"},\"image\":{\"@id\":\"https:\\\/\\\/www.ichngoforum.org\\\/#\\\/schema\\\/logo\\\/image\\\/\"},\"sameAs\":[\"https:\\\/\\\/www.facebook.com\\\/IchNgoForum\\\/\",\"https:\\\/\\\/x.com\\\/IchNGO\"]}]}<\/script>\n<!-- \/ Yoast SEO plugin. -->","yoast_head_json":{"title":"D\u00e9claration sur la Sauvegarde du Patrimoine Culturel Immat\u00e9riel pour l'Action Climatique par le Forum - ICH NGO Forum","robots":{"index":"index","follow":"follow","max-snippet":"max-snippet:-1","max-image-preview":"max-image-preview:large","max-video-preview":"max-video-preview:-1"},"canonical":"https:\/\/www.ichngoforum.org\/fr\/declaration-sur-la-sauvegarde-du-patrimoine-culturel-immateriel-pour-laction-climatique-par-le-forum\/","og_locale":"fr_FR","og_type":"article","og_title":"D\u00e9claration sur la Sauvegarde du Patrimoine Culturel Immat\u00e9riel pour l'Action Climatique par le Forum - ICH NGO Forum","og_description":"Ici, il est possible de lire la d\u00e9claration avant de proc\u00e9der au vote via l&rsquo;e-mail envoy\u00e9 \u00e0 ceux qui se sont inscrits. Le bulletin de vote sera envoy\u00e9 d&rsquo;ici le lundi 3 juin et la p\u00e9riode de vote durera trois jours. Pour plus d\u2019informations ichngoforum@gmail.com. D\u00e9claration sur la Sauvegarde du...","og_url":"https:\/\/www.ichngoforum.org\/fr\/declaration-sur-la-sauvegarde-du-patrimoine-culturel-immateriel-pour-laction-climatique-par-le-forum\/","og_site_name":"ICH NGO Forum","article_publisher":"https:\/\/www.facebook.com\/IchNgoForum\/","article_modified_time":"2024-06-03T08:33:10+00:00","og_image":[{"width":1200,"height":675,"url":"https:\/\/www.ichngoforum.org\/wp-content\/uploads\/2025\/09\/logo-ichngo-forum-intangible-cultural-heritage-civil-society.jpg","type":"image\/jpeg"}],"twitter_card":"summary_large_image","twitter_site":"@IchNGO","twitter_misc":{"Dur\u00e9e de lecture estim\u00e9e":"1 minute"},"schema":{"@context":"https:\/\/schema.org","@graph":[{"@type":"WebPage","@id":"https:\/\/www.ichngoforum.org\/fr\/declaration-sur-la-sauvegarde-du-patrimoine-culturel-immateriel-pour-laction-climatique-par-le-forum\/","url":"https:\/\/www.ichngoforum.org\/fr\/declaration-sur-la-sauvegarde-du-patrimoine-culturel-immateriel-pour-laction-climatique-par-le-forum\/","name":"D\u00e9claration sur la Sauvegarde du Patrimoine Culturel Immat\u00e9riel pour l'Action Climatique par le Forum - ICH NGO Forum","isPartOf":{"@id":"https:\/\/www.ichngoforum.org\/#website"},"datePublished":"2024-05-29T10:00:02+00:00","dateModified":"2024-06-03T08:33:10+00:00","breadcrumb":{"@id":"https:\/\/www.ichngoforum.org\/fr\/declaration-sur-la-sauvegarde-du-patrimoine-culturel-immateriel-pour-laction-climatique-par-le-forum\/#breadcrumb"},"inLanguage":"fr-FR","potentialAction":[{"@type":"ReadAction","target":["https:\/\/www.ichngoforum.org\/fr\/declaration-sur-la-sauvegarde-du-patrimoine-culturel-immateriel-pour-laction-climatique-par-le-forum\/"]}]},{"@type":"BreadcrumbList","@id":"https:\/\/www.ichngoforum.org\/fr\/declaration-sur-la-sauvegarde-du-patrimoine-culturel-immateriel-pour-laction-climatique-par-le-forum\/#breadcrumb","itemListElement":[{"@type":"ListItem","position":1,"name":"Home","item":"https:\/\/www.ichngoforum.org\/"},{"@type":"ListItem","position":2,"name":"D\u00e9claration sur la Sauvegarde du Patrimoine Culturel Immat\u00e9riel pour l&#8217;Action Climatique par le Forum"}]},{"@type":"WebSite","@id":"https:\/\/www.ichngoforum.org\/#website","url":"https:\/\/www.ichngoforum.org\/","name":"ICH NGO Forum","description":"Intangible Cultural Heritage","publisher":{"@id":"https:\/\/www.ichngoforum.org\/#organization"},"potentialAction":[{"@type":"SearchAction","target":{"@type":"EntryPoint","urlTemplate":"https:\/\/www.ichngoforum.org\/?s={search_term_string}"},"query-input":{"@type":"PropertyValueSpecification","valueRequired":true,"valueName":"search_term_string"}}],"inLanguage":"fr-FR"},{"@type":"Organization","@id":"https:\/\/www.ichngoforum.org\/#organization","name":"ICH NGO Forum","url":"https:\/\/www.ichngoforum.org\/","logo":{"@type":"ImageObject","inLanguage":"fr-FR","@id":"https:\/\/www.ichngoforum.org\/#\/schema\/logo\/image\/","url":"https:\/\/www.ichngoforum.org\/wp-content\/uploads\/2025\/09\/organization-logo-ichngo-forum-intangible-cultural-heritage.jpg","contentUrl":"https:\/\/www.ichngoforum.org\/wp-content\/uploads\/2025\/09\/organization-logo-ichngo-forum-intangible-cultural-heritage.jpg","width":1200,"height":1200,"caption":"ICH NGO Forum"},"image":{"@id":"https:\/\/www.ichngoforum.org\/#\/schema\/logo\/image\/"},"sameAs":["https:\/\/www.facebook.com\/IchNgoForum\/","https:\/\/x.com\/IchNGO"]}]}},"_links":{"self":[{"href":"https:\/\/www.ichngoforum.org\/fr\/wp-json\/wp\/v2\/pages\/11445","targetHints":{"allow":["GET"]}}],"collection":[{"href":"https:\/\/www.ichngoforum.org\/fr\/wp-json\/wp\/v2\/pages"}],"about":[{"href":"https:\/\/www.ichngoforum.org\/fr\/wp-json\/wp\/v2\/types\/page"}],"author":[{"embeddable":true,"href":"https:\/\/www.ichngoforum.org\/fr\/wp-json\/wp\/v2\/users\/6"}],"replies":[{"embeddable":true,"href":"https:\/\/www.ichngoforum.org\/fr\/wp-json\/wp\/v2\/comments?post=11445"}],"version-history":[{"count":4,"href":"https:\/\/www.ichngoforum.org\/fr\/wp-json\/wp\/v2\/pages\/11445\/revisions"}],"predecessor-version":[{"id":11462,"href":"https:\/\/www.ichngoforum.org\/fr\/wp-json\/wp\/v2\/pages\/11445\/revisions\/11462"}],"wp:attachment":[{"href":"https:\/\/www.ichngoforum.org\/fr\/wp-json\/wp\/v2\/media?parent=11445"}],"curies":[{"name":"wp","href":"https:\/\/api.w.org\/{rel}","templated":true}]}}